{"id":8938,"date":"2021-12-01T07:17:16","date_gmt":"2021-12-01T11:12:29","guid":{"rendered":"https:\/\/mkworx.com\/urun\/soft-kaplama-oto-bakim-seti\/"},"modified":"2021-12-01T11:12:29","modified_gmt":"2021-12-01T11:12:29","slug":"soft-kaplama-oto-bakim-seti-2","status":"publish","type":"product","link":"https:\/\/mkworx.com\/en\/product\/soft-kaplama-oto-bakim-seti-2\/","title":{"rendered":"Soft Kaplama Oto Bak\u0131m Seti"},"content":{"rendered":"<p><b>Soft Kaplama<\/b> Ailesi Olarak %100 yerli ve kendi \u00fcretimimiz olan ARA\u00c7 BAKIM \u00dcr\u00fcnlerini siz de\u011ferli m\u00fc\u015fterilerimize ve T\u00dcRK milletinin hizmetine sunmaktan onur ve gurur duyar\u0131z.<\/p>\n<p>Etkin maddesi son derece kaliteli ve arac\u0131n\u0131za en ufak bir zarar vermeyen, kullan\u0131\u015f\u0131 kolay, antibakteriyel \u00f6zelli\u011fine sahip \u00fcr\u00fcnlerimiz laboratuvar testlerinden ge\u00e7mi\u015f, \u0130SO 9001 onay\u0131 ile piyasaya sunulmu\u015ftur.<\/p>\n<p><b>KUTU \u0130\u00c7ER\u0130\u011e\u0130NDE 5 ADET \u00dcR\u00dcN BULUNMAKTADIR.<\/b><\/p>\n<p><b>*LAST\u0130K TEM\u0130ZLEY\u0130C\u0130<\/b><\/p>\n<p>Lastik Parlat\u0131c\u0131 ara\u00e7 tutkunlar\u0131 aras\u0131nda g\u00fczel g\u00f6r\u00fcn\u00fcm i\u00e7in tercih edilen ve \u00fcst\u00fcn bir performansa sahip bir \u00fcr\u00fcnd\u00fcr.\u00d6zel form\u00fcl\u00fc sayesinde lastiklerin matla\u015fmas\u0131n\u0131 \u00f6nler, leke ve akmaya engel olur.<\/p>\n<p><b>* C\u0130LALI OTO YIKAMA<\/b><\/p>\n<p>Kahve, ruj, ya\u011f ve di\u011fer zor lekeler arac\u0131n\u0131z\u0131n hal\u0131 ve i\u00e7 d\u00f6\u015femesinin bir par\u00e7as\u0131 olmak zorunda de\u011fil. Sprey y\u00fczeyin rengini de\u011fi\u015ftirmeden inat\u00e7\u0131 lekeleri y\u00fczeyden kald\u0131rarak derinlemesine bir temizlik sa\u011flar.<\/p>\n<p><b>* MOTOR TEM\u0130ZLEY\u0130C\u0130 <\/b><\/p>\n<p>Motor Temizleyici en zor ya\u011flar\u0131 bile h\u0131zl\u0131 bir \u015fekilde \u00e7\u00f6zebildi\u011finden beklenenin \u00fczerinde bir performansa sahiptir. H\u0131zl\u0131 \u00e7al\u0131\u015fmas\u0131 sayesinde beyaz kal\u0131nt\u0131 ve lekeler b\u0131rakmaz, bitkisel kokusu konforlu bir \u00e7al\u0131\u015fma ortam\u0131 sa\u011flar.\u00dcr\u00fcn a\u011f\u0131r ya\u011flar i\u00e7indir. Hafif ya\u011flar i\u00e7in \u00fcr\u00fcn\u00fc 4:1 oran\u0131nda suland\u0131r\u0131n\u0131z.<\/p>\n<p><b>* DETAYLI TEM\u0130ZL\u0130K <\/b><\/p>\n<p>Ara\u00e7 i\u00e7inde kullan\u0131lan temizleme \u00fcr\u00fcnlerinden Multistar 12-13 seviyesinde ki Ph de\u011feri ve \u00f6zel form\u00fclasyonu ile alkalik temizleme etkisi sayesinde d\u00f6\u015femelerin rengine ve dokusuna zarar vermeden kirlerin temizlenmesini sa\u011flar.Temizli\u011fi yap\u0131lan plastik ,vinil aksamlar antistatik ve yumu\u015fat\u0131c\u0131 \u00f6zelli\u011fi olan koruma \u00fcr\u00fcnleri ile koruma alt\u0131na al\u0131n\u0131r.Ara\u00e7 i\u00e7ine ozonla temizlik i\u015flemi uygulanarak ara\u00e7 i\u00e7indeki k\u00f6t\u00fc koku \u00fcreten organizmalar yak edilir.Kir ve LekelerArac\u0131n i\u00e7i yo\u011fun g\u00fcndelik kullan\u0131m ve\/veya ya\u011fmur, r\u00fczg\u00e2r, evcil hayvan vb. d\u0131\u015f fiziki etkenlerden kaynaklanan ya\u011f, kahve, alkol, sigara, toz, \u00e7amur, k\u0131l\/ t\u00fcy, istifra vb. do\u011fal kir ve lekeler ile m\u00fcrekkep, sak\u0131z vb. kimyasal a\u011f\u0131r kir ve lekelerin yan\u0131 s\u0131ra yo\u011fun mikrop, vir\u00fcs ve bakterilere maruz kal\u0131r.Arac\u0131n i\u00e7ine n\u00fcfuz eden t\u00fcm inat\u00e7\u0131 kir ve lekeler, Sonax\u2019 \u0131n y\u0131llarca s\u00fcren AR-GE \u00e7al\u0131\u015fmalar\u0131 sonucunda kir ve lekenin niteli\u011fine g\u00f6re geli\u015ftirdi\u011fi \u00fcr\u00fcnler sayesinde, i\u00e7erdeki materyalin ( kuma\u015f, deri, vinil, plastik ) dokusuna ve rengine zarar vermeden m\u00fckemmel temizlenir.<\/p>\n<p><b>* FAR TEM\u0130ZLEY\u0130C\u0130<\/b><\/p>\n<p>Soft Kaplama taraf\u0131ndan olarak geli\u015ftirilen form\u00fcl\u00fc sayesinde, farlar\u0131n plastik y\u00fczeyi ile zararl\u0131 UV \u0131\u015f\u0131nlar\u0131 aras\u0131nda bir bariyer g\u00f6revi g\u00f6rerek, yeni ya da yenilenmi\u015f olan farlar\u0131n berrakl\u0131\u011f\u0131n\u0131 ve parlakl\u0131\u011f\u0131n\u0131 korur. bir g\u00fcne\u015f kremi gibi eski veya yeni olsun, farlar\u0131n\u0131z\u0131 zararl\u0131 ultraviole \u0131\u015f\u0131nlar\u0131na kar\u015f\u0131 korur. \u0130\u00e7erdi\u011fi form\u00fcl\u00fc sayesinde net, berrak bir g\u00f6r\u00fcn\u00fcm kazand\u0131r\u0131r.<\/p>\n","protected":false},"excerpt":{"rendered":"<p><b>Soft Kaplama<\/b> Ailesi Olarak %100 yerli ve kendi \u00fcretimimiz olan ARA\u00c7 BAKIM \u00dcr\u00fcnlerini siz de\u011ferli m\u00fc\u015fterilerimize ve T\u00dcRK milletinin hizmetine sunmaktan onur ve gurur duyar\u0131z.<\/p>\n<p>Etkin maddesi son derece kaliteli ve arac\u0131n\u0131za en ufak bir zarar vermeyen, kullan\u0131\u015f\u0131 kolay, antibakteriyel \u00f6zelli\u011fine sahip \u00fcr\u00fcnlerimiz laboratuvar testlerinden ge\u00e7mi\u015f, \u0130SO 9001 onay\u0131 ile piyasaya sunulmu\u015ftur.<\/p>\n<p><b>KUTU \u0130\u00c7ER\u0130\u011e\u0130NDE 5 ADET \u00dcR\u00dcN BULUNMAKTADIR.<\/b><\/p>\n<p><b>*LAST\u0130K TEM\u0130ZLEY\u0130C\u0130<\/b><\/p>\n<p>Lastik Parlat\u0131c\u0131 ara\u00e7 tutkunlar\u0131 aras\u0131nda g\u00fczel g\u00f6r\u00fcn\u00fcm i\u00e7in tercih edilen ve \u00fcst\u00fcn bir performansa sahip bir \u00fcr\u00fcnd\u00fcr.\u00d6zel form\u00fcl\u00fc sayesinde lastiklerin matla\u015fmas\u0131n\u0131 \u00f6nler, leke ve akmaya engel olur.<\/p>\n<p><b>* C\u0130LALI OTO YIKAMA<\/b><\/p>\n<p>Kahve, ruj, ya\u011f ve di\u011fer zor lekeler arac\u0131n\u0131z\u0131n hal\u0131 ve i\u00e7 d\u00f6\u015femesinin bir par\u00e7as\u0131 olmak zorunda de\u011fil. Sprey y\u00fczeyin rengini de\u011fi\u015ftirmeden inat\u00e7\u0131 lekeleri y\u00fczeyden kald\u0131rarak derinlemesine bir temizlik sa\u011flar.<\/p>\n<p><b>* MOTOR TEM\u0130ZLEY\u0130C\u0130 <\/b><\/p>\n<p>Motor Temizleyici en zor ya\u011flar\u0131 bile h\u0131zl\u0131 bir \u015fekilde \u00e7\u00f6zebildi\u011finden beklenenin \u00fczerinde bir performansa sahiptir. H\u0131zl\u0131 \u00e7al\u0131\u015fmas\u0131 sayesinde beyaz kal\u0131nt\u0131 ve lekeler b\u0131rakmaz, bitkisel kokusu konforlu bir \u00e7al\u0131\u015fma ortam\u0131 sa\u011flar.\u00dcr\u00fcn a\u011f\u0131r ya\u011flar i\u00e7indir. Hafif ya\u011flar i\u00e7in \u00fcr\u00fcn\u00fc 4:1 oran\u0131nda suland\u0131r\u0131n\u0131z.<\/p>\n<p><b>* DETAYLI TEM\u0130ZL\u0130K <\/b><\/p>\n<p>Ara\u00e7 i\u00e7inde kullan\u0131lan temizleme \u00fcr\u00fcnlerinden Multistar 12-13 seviyesinde ki Ph de\u011feri ve \u00f6zel form\u00fclasyonu ile alkalik temizleme etkisi sayesinde d\u00f6\u015femelerin rengine ve dokusuna zarar vermeden kirlerin temizlenmesini sa\u011flar.Temizli\u011fi yap\u0131lan plastik ,vinil aksamlar antistatik ve yumu\u015fat\u0131c\u0131 \u00f6zelli\u011fi olan koruma \u00fcr\u00fcnleri ile koruma alt\u0131na al\u0131n\u0131r.Ara\u00e7 i\u00e7ine ozonla temizlik i\u015flemi uygulanarak ara\u00e7 i\u00e7indeki k\u00f6t\u00fc koku \u00fcreten organizmalar yak edilir.Kir ve LekelerArac\u0131n i\u00e7i yo\u011fun g\u00fcndelik kullan\u0131m ve\/veya ya\u011fmur, r\u00fczg\u00e2r, evcil hayvan vb. d\u0131\u015f fiziki etkenlerden kaynaklanan ya\u011f, kahve, alkol, sigara, toz, \u00e7amur, k\u0131l\/ t\u00fcy, istifra vb. do\u011fal kir ve lekeler ile m\u00fcrekkep, sak\u0131z vb. kimyasal a\u011f\u0131r kir ve lekelerin yan\u0131 s\u0131ra yo\u011fun mikrop, vir\u00fcs ve bakterilere maruz kal\u0131r.Arac\u0131n i\u00e7ine n\u00fcfuz eden t\u00fcm inat\u00e7\u0131 kir ve lekeler, Sonax\u2019 \u0131n y\u0131llarca s\u00fcren AR-GE \u00e7al\u0131\u015fmalar\u0131 sonucunda kir ve lekenin niteli\u011fine g\u00f6re geli\u015ftirdi\u011fi \u00fcr\u00fcnler sayesinde, i\u00e7erdeki materyalin ( kuma\u015f, deri, vinil, plastik ) dokusuna ve rengine zarar vermeden m\u00fckemmel temizlenir.<\/p>\n<p><b>* FAR TEM\u0130ZLEY\u0130C\u0130<\/b><\/p>\n<p>Soft Kaplama taraf\u0131ndan olarak geli\u015ftirilen form\u00fcl\u00fc sayesinde, farlar\u0131n plastik y\u00fczeyi ile zararl\u0131 UV \u0131\u015f\u0131nlar\u0131 aras\u0131nda bir bariyer g\u00f6revi g\u00f6rerek, yeni ya da yenilenmi\u015f olan farlar\u0131n berrakl\u0131\u011f\u0131n\u0131 ve parlakl\u0131\u011f\u0131n\u0131 korur. bir g\u00fcne\u015f kremi gibi eski veya yeni olsun, farlar\u0131n\u0131z\u0131 zararl\u0131 ultraviole \u0131\u015f\u0131nlar\u0131na kar\u015f\u0131 korur. \u0130\u00e7erdi\u011fi form\u00fcl\u00fc sayesinde net, berrak bir g\u00f6r\u00fcn\u00fcm kazand\u0131r\u0131r.<\/p>\n","protected":false},"featured_media":8896,"template":"","meta":[],"product_cat":[144],"product_tag":[],"class_list":["post-8938","product","type-product","status-publish","has-post-thumbnail","hentry","product_cat-soft-kaplama"],"_links":{"self":[{"href":"https:\/\/mkworx.com\/en\/wp-json\/wp\/v2\/product\/8938","targetHints":{"allow":["GET"]}}],"collection":[{"href":"https:\/\/mkworx.com\/en\/wp-json\/wp\/v2\/product"}],"about":[{"href":"https:\/\/mkworx.com\/en\/wp-json\/wp\/v2\/types\/product"}],"wp:featuredmedia":[{"embeddable":true,"href":"https:\/\/mkworx.com\/en\/wp-json\/wp\/v2\/media\/8896"}],"wp:attachment":[{"href":"https:\/\/mkworx.com\/en\/wp-json\/wp\/v2\/media?parent=8938"}],"wp:term":[{"taxonomy":"product_cat","embeddable":true,"href":"https:\/\/mkworx.com\/en\/wp-json\/wp\/v2\/product_cat?post=8938"},{"taxonomy":"product_tag","embeddable":true,"href":"https:\/\/mkworx.com\/en\/wp-json\/wp\/v2\/product_tag?post=8938"}],"curies":[{"name":"wp","href":"https:\/\/api.w.org\/{rel}","templated":true}]}}