{"id":8937,"date":"2021-11-12T13:33:03","date_gmt":"2021-12-01T11:12:04","guid":{"rendered":"https:\/\/mkworx.com\/urun\/ngk-u-5014-r8-bobin\/"},"modified":"2021-12-01T11:12:04","modified_gmt":"2021-12-01T11:12:04","slug":"ngk-u-5014-r8-bobin-2","status":"publish","type":"product","link":"https:\/\/mkworx.com\/en\/product\/ngk-u-5014-r8-bobin-2\/","title":{"rendered":"NGK U-5014 R8 Bobin"},"content":{"rendered":"<p>NGK U-5014 R8 Bobin<\/p>\n<p>OEM olarak Audi \/ VW Grubunda Kullan\u0131lan R8 Bobin.<\/p>\n<p>Orjinal NGK d\u0131r. Adet Fiyat\u0131d\u0131r.<\/p>\n","protected":false},"excerpt":{"rendered":"<p>NGK U-5014 R8 Bobin<\/p>\n<p>OEM olarak Audi \/ VW Grubunda Kullan\u0131lan R8 Bobin.<\/p>\n<p>Orjinal NGK d\u0131r. Adet Fiyat\u0131d\u0131r.<\/p>\n","protected":false},"featured_media":8819,"template":"","meta":[],"product_cat":[159,131],"product_tag":[],"class_list":["post-8937","product","type-product","status-publish","has-post-thumbnail","hentry","product_cat-ignition-coil","product_cat-performance"],"_links":{"self":[{"href":"https:\/\/mkworx.com\/en\/wp-json\/wp\/v2\/product\/8937","targetHints":{"allow":["GET"]}}],"collection":[{"href":"https:\/\/mkworx.com\/en\/wp-json\/wp\/v2\/product"}],"about":[{"href":"https:\/\/mkworx.com\/en\/wp-json\/wp\/v2\/types\/product"}],"wp:featuredmedia":[{"embeddable":true,"href":"https:\/\/mkworx.com\/en\/wp-json\/wp\/v2\/media\/8819"}],"wp:attachment":[{"href":"https:\/\/mkworx.com\/en\/wp-json\/wp\/v2\/media?parent=8937"}],"wp:term":[{"taxonomy":"product_cat","embeddable":true,"href":"https:\/\/mkworx.com\/en\/wp-json\/wp\/v2\/product_cat?post=8937"},{"taxonomy":"product_tag","embeddable":true,"href":"https:\/\/mkworx.com\/en\/wp-json\/wp\/v2\/product_tag?post=8937"}],"curies":[{"name":"wp","href":"https:\/\/api.w.org\/{rel}","templated":true}]}}