{"id":8936,"date":"2021-11-15T06:49:25","date_gmt":"2021-12-01T11:10:09","guid":{"rendered":"https:\/\/mkworx.com\/urun\/hf-serisi-evrensel-intercooler-hft-600x420x57mm\/"},"modified":"2021-12-01T11:10:20","modified_gmt":"2021-12-01T11:10:20","slug":"vag-20-tfsi-golf-6-gti-r","status":"publish","type":"product","link":"https:\/\/mkworx.com\/en\/product\/vag-20-tfsi-golf-6-gti-r\/","title":{"rendered":"HF-Serisi evrensel intercooler HFT 600x420x57mm"},"content":{"rendered":"<p><strong>Teknik detaylar:<\/strong><br \/>\nUzunluk: 600mm (net)<br \/>\nY\u00fckseklik: 420mm (net)<br \/>\nDerinlik: 57mm (net)<br \/>\nKutusuz<br \/>\nnethacim: 14.36cm\u00b3Net: Bar\u00b4n\u00b4Plaka<br \/>\nba\u011flant\u0131lar\u0131:Ge\u00e7meliflan\u015fl\u0131 OEM ba\u011flant\u0131lar\u0131 veya teslimat dahil aras\u0131nda se\u00e7im yapabilirsiniz. Al\u00fcminyum bas\u0131n\u00e7l\u0131 boru.<br \/>\nKutular: al\u00fcminyum d\u00f6k\u00fcm<br \/>\nBorular: orijinal<\/p>\n<p>boyutu 615mmx406mmx32mm 600mmx420mmx57mm<\/p>\n","protected":false},"excerpt":{"rendered":"<p><strong>Teknik detaylar:<\/strong><br \/>\nUzunluk: 600mm (net)<br \/>\nY\u00fckseklik: 420mm (net)<br \/>\nDerinlik: 57mm (net)<br \/>\nKutusuz<br \/>\nnethacim: 14.36cm\u00b3Net: Bar\u00b4n\u00b4Plaka<br \/>\nba\u011flant\u0131lar\u0131:Ge\u00e7meliflan\u015fl\u0131 OEM ba\u011flant\u0131lar\u0131 veya teslimat dahil aras\u0131nda se\u00e7im yapabilirsiniz. Al\u00fcminyum bas\u0131n\u00e7l\u0131 boru.<br \/>\nKutular: al\u00fcminyum d\u00f6k\u00fcm<br \/>\nBorular: orijinal<\/p>\n<p>boyutu 615mmx406mmx32mm 600mmx420mmx57mm<\/p>\n","protected":false},"featured_media":8833,"template":"","meta":[],"product_cat":[135,133],"product_tag":[],"class_list":["post-8936","product","type-product","status-publish","has-post-thumbnail","hentry","product_cat-hf-intercooler-en","product_cat-hg-motorsport-en"],"_links":{"self":[{"href":"https:\/\/mkworx.com\/en\/wp-json\/wp\/v2\/product\/8936","targetHints":{"allow":["GET"]}}],"collection":[{"href":"https:\/\/mkworx.com\/en\/wp-json\/wp\/v2\/product"}],"about":[{"href":"https:\/\/mkworx.com\/en\/wp-json\/wp\/v2\/types\/product"}],"wp:featuredmedia":[{"embeddable":true,"href":"https:\/\/mkworx.com\/en\/wp-json\/wp\/v2\/media\/8833"}],"wp:attachment":[{"href":"https:\/\/mkworx.com\/en\/wp-json\/wp\/v2\/media?parent=8936"}],"wp:term":[{"taxonomy":"product_cat","embeddable":true,"href":"https:\/\/mkworx.com\/en\/wp-json\/wp\/v2\/product_cat?post=8936"},{"taxonomy":"product_tag","embeddable":true,"href":"https:\/\/mkworx.com\/en\/wp-json\/wp\/v2\/product_tag?post=8936"}],"curies":[{"name":"wp","href":"https:\/\/api.w.org\/{rel}","templated":true}]}}