{"id":8512,"date":"2021-10-23T07:11:46","date_gmt":"2021-10-23T07:11:58","guid":{"rendered":"http:\/\/mkworx.com\/urun\/vag-pro-shifter\/"},"modified":"2023-08-08T14:19:33","modified_gmt":"2023-08-08T14:19:33","slug":"vag-pro-shifter","status":"publish","type":"product","link":"https:\/\/mkworx.com\/en\/product\/vag-pro-shifter\/","title":{"rendered":"Vag Pro Shifter Coming Soon"},"content":{"rendered":"<p>VW Compatible pro shifter<\/p>\n<p>Vag group compatible transmissions:(02J, 02M, 02Q, MQ200, MQ250, MQ350)<\/p>\n<p class=\"product_title entry-title\">It is compatible with original rope transmissions.<br \/>\nIt shortens the gear shifts and provides a more performance driving.<\/p>\n<p>Using OEM cables 02J, 02M, 02Q, MQ200, MQ250, MQ350, VW Golf IV, V, VI, Seat Leon, \u0160koda Octavia on Audi 8L chassis. Installing the derailleur.<\/p>\n<pre id=\"tw-target-text\" class=\"tw-data-text tw-text-large XcVN5d tw-ta\" dir=\"ltr\" data-placeholder=\"\u00c7eviri\"><span class=\"Y2IQFc\" lang=\"tr\"> Her vites kolu elle monte edilir\r\n Vitesler aras\u0131nda %40 azalt\u0131lm\u0131\u015f at\u0131\u015f mesafesi \r\n Merkezleme yay\u0131, art\u0131k gev\u015fek vites de\u011fi\u015ftirici yok\r\n Her vites de\u011fi\u015fiminde hassasiyet\r\n Standart vites de\u011fi\u015ftirme yerine ge\u00e7meli (k\u00fc\u00e7\u00fck de\u011fi\u015fiklikler)\r\n Orijinal vites de\u011fi\u015ftirme kablolar\u0131na uyar\r\n Yanl\u0131\u015fl\u0131kla vites de\u011fi\u015ftirmeden geri vitesi kilitleme<\/span><\/pre>\n","protected":false},"excerpt":{"rendered":"<p>VW Compatible pro shifter<\/p>\n<p>Vag group compatible transmissions:(02J, 02M, 02Q, MQ200, MQ250, MQ350)<\/p>\n<p class=\"product_title entry-title\">It is compatible with original rope transmissions.<br \/>\nIt shortens the gear shifts and provides a more performance driving.<\/p>\n<p>Using OEM cables 02J, 02M, 02Q, MQ200, MQ250, MQ350, VW Golf IV, V, VI, Seat Leon, \u0160koda Octavia on Audi 8L chassis. Installing the derailleur.<\/p>\n<pre id=\"tw-target-text\" class=\"tw-data-text tw-text-large XcVN5d tw-ta\" dir=\"ltr\" data-placeholder=\"\u00c7eviri\"><span class=\"Y2IQFc\" lang=\"tr\"> Her vites kolu elle monte edilir\r\n Vitesler aras\u0131nda %40 azalt\u0131lm\u0131\u015f at\u0131\u015f mesafesi \r\n Merkezleme yay\u0131, art\u0131k gev\u015fek vites de\u011fi\u015ftirici yok\r\n Her vites de\u011fi\u015fiminde hassasiyet\r\n Standart vites de\u011fi\u015ftirme yerine ge\u00e7meli (k\u00fc\u00e7\u00fck de\u011fi\u015fiklikler)\r\n Orijinal vites de\u011fi\u015ftirme kablolar\u0131na uyar\r\n Yanl\u0131\u015fl\u0131kla vites de\u011fi\u015ftirmeden geri vitesi kilitleme<\/span><\/pre>\n","protected":false},"featured_media":9076,"template":"","meta":[],"product_cat":[119,120],"product_tag":[],"class_list":["post-8512","product","type-product","status-publish","has-post-thumbnail","hentry","product_cat-shifter-en","product_cat-vag-pro-mkworx-en"],"_links":{"self":[{"href":"https:\/\/mkworx.com\/en\/wp-json\/wp\/v2\/product\/8512","targetHints":{"allow":["GET"]}}],"collection":[{"href":"https:\/\/mkworx.com\/en\/wp-json\/wp\/v2\/product"}],"about":[{"href":"https:\/\/mkworx.com\/en\/wp-json\/wp\/v2\/types\/product"}],"wp:featuredmedia":[{"embeddable":true,"href":"https:\/\/mkworx.com\/en\/wp-json\/wp\/v2\/media\/9076"}],"wp:attachment":[{"href":"https:\/\/mkworx.com\/en\/wp-json\/wp\/v2\/media?parent=8512"}],"wp:term":[{"taxonomy":"product_cat","embeddable":true,"href":"https:\/\/mkworx.com\/en\/wp-json\/wp\/v2\/product_cat?post=8512"},{"taxonomy":"product_tag","embeddable":true,"href":"https:\/\/mkworx.com\/en\/wp-json\/wp\/v2\/product_tag?post=8512"}],"curies":[{"name":"wp","href":"https:\/\/api.w.org\/{rel}","templated":true}]}}