{"id":8380,"date":"2021-10-23T07:01:26","date_gmt":"2021-10-23T07:01:26","guid":{"rendered":"http:\/\/mkworx.com\/favorites\/"},"modified":"2021-10-24T05:14:10","modified_gmt":"2021-10-24T05:14:10","slug":"favorites","status":"publish","type":"page","link":"https:\/\/mkworx.com\/en\/favorites\/","title":{"rendered":"Favorites"},"content":{"rendered":"\t\t\n\t\t\n\t\t<div class=\"\">\n\t\t\t\t\t\t<div class=\"wd-wishlist-content\">\n\t\t\t\t\t\t\t\t\t<p class=\"wd-empty-wishlist wd-empty-page\">\n\t\t\t\t\t\tWishlist is empty.\t\t\t\t\t<\/p>\n\n\t\t\t\t\t\t\t\t\t\t\t<div class=\"wd-empty-page-text\">\n\t\t\t\t\t\t\tFavorilerinizde \u00fcr\u00fcn bulunmamaktad\u0131r. <br> ' Ana Sayfa' ya d\u00f6nerek favorilerinize \u00fcr\u00fcn ekleyebilirsiniz.\t\t\t\t\t\t<\/div>\n\t\t\t\t\t\n\t\t\t\t\t<p class=\"return-to-shop\">\n\t\t\t\t\t\t<a class=\"button\" href=\"https:\/\/mkworx.com\/en\/shop\/\">\n\t\t\t\t\t\t\tReturn to shop\t\t\t\t\t\t<\/a>\n\t\t\t\t\t<\/p>\n\t\t\t\t\t\t\t<\/div>\n\t\t\t\t<\/div>\n\t\t\n","protected":false},"excerpt":{"rendered":"Wishlist is empty. Favorilerinizde \u00fcr\u00fcn bulunmamaktad\u0131r. ' Ana Sayfa' ya d\u00f6nerek favorilerinize \u00fcr\u00fcn ekleyebilirsiniz. Return to shop","protected":false},"author":1,"featured_media":0,"parent":0,"menu_order":0,"comment_status":"closed","ping_status":"closed","template":"","meta":{"footnotes":""},"class_list":["post-8380","page","type-page","status-publish","hentry"],"_links":{"self":[{"href":"https:\/\/mkworx.com\/en\/wp-json\/wp\/v2\/pages\/8380","targetHints":{"allow":["GET"]}}],"collection":[{"href":"https:\/\/mkworx.com\/en\/wp-json\/wp\/v2\/pages"}],"about":[{"href":"https:\/\/mkworx.com\/en\/wp-json\/wp\/v2\/types\/page"}],"author":[{"embeddable":true,"href":"https:\/\/mkworx.com\/en\/wp-json\/wp\/v2\/users\/1"}],"replies":[{"embeddable":true,"href":"https:\/\/mkworx.com\/en\/wp-json\/wp\/v2\/comments?post=8380"}],"version-history":[{"count":1,"href":"https:\/\/mkworx.com\/en\/wp-json\/wp\/v2\/pages\/8380\/revisions"}],"predecessor-version":[{"id":8383,"href":"https:\/\/mkworx.com\/en\/wp-json\/wp\/v2\/pages\/8380\/revisions\/8383"}],"wp:attachment":[{"href":"https:\/\/mkworx.com\/en\/wp-json\/wp\/v2\/media?parent=8380"}],"curies":[{"name":"wp","href":"https:\/\/api.w.org\/{rel}","templated":true}]}}