{"id":8344,"date":"2021-10-23T07:01:24","date_gmt":"2021-10-23T07:01:24","guid":{"rendered":"http:\/\/mkworx.com\/privacy-policy\/"},"modified":"2021-10-24T05:14:33","modified_gmt":"2021-10-24T05:14:33","slug":"privacy-policy","status":"publish","type":"page","link":"https:\/\/mkworx.com\/en\/privacy-policy\/","title":{"rendered":"Privacy Policy"},"content":{"rendered":"<p>[vc_row][vc_column][vc_column_text woodmart_inline=&#8221;no&#8221; text_larger=&#8221;no&#8221;]<\/p>\r\n&#13;\r\n<h4 class=\"wp-block-heading\"><strong>Privacy Policy:<\/strong><\/h4>&#13;\r\n<p>Mkworx <strong>(mkworx.com)<\/strong> olarak, sitemizi kullanan \u00fcye ve ziyaret\u00e7ilerimizin gizlili\u011fini korumak i\u00e7in \u00e7al\u0131\u015f\u0131yoruz. Bu ama\u00e7la, Mkworx Gizlilik Politikas\u0131 <strong>(Politika)<\/strong>, \u00fcyelerimizin ki\u015fisel verilerinin 6698 say\u0131l\u0131 Ki\u015fisel Verilerin Korunmas\u0131 Kanunu\u00a0<strong>(Kanun)<\/strong> ile tamamen uyumlu bir \u015fekilde i\u015flenmesi ve kullan\u0131c\u0131lar\u0131m\u0131z\u0131 bu konuda bilgilendirmek amac\u0131yla haz\u0131rlanm\u0131\u015ft\u0131r. Mkworx \u00e7erez politikas\u0131 bu Politika\u2019n\u0131n ayr\u0131lmaz par\u00e7as\u0131d\u0131r.<\/p>&#13;\r\n<p>\u0130\u015fbu Politika\u2019n\u0131n amac\u0131, Mkworx internet sitesi www.mkworx.com ile mobil uygulamas\u0131n\u0131n (ikisi birlikte \u201cPlatform\u201d olarak an\u0131lacakt\u0131r) i\u015fletilmesi s\u0131ras\u0131nda Platform \u00fcyeleri\/ziyaret\u00e7ileri\/kullan\u0131c\u0131lar\u0131 <strong>(Veri Sahibi)<\/strong> taraf\u0131ndan Mkworx ile payla\u015f\u0131lan veya Mkworx , Veri Sahibi\u2019nin Platform\u2019u kullan\u0131m\u0131 s\u0131ras\u0131nda \u00fcretti\u011fi ki\u015fisel verilerin kullan\u0131m\u0131na ili\u015fkin ko\u015ful ve \u015fartlar\u0131 tespit etmektir.<\/p>&#13;\r\n<h4 class=\"mt\"><strong>Which Data is Processed?<\/strong><\/h4>&#13;\r\n<p>Kimlik, \u0130leti\u015fim, Ta\u015f\u0131t, Kullan\u0131c\u0131 \u0130\u015flem, Ses Kay\u0131tlar\u0131, Finansal ve Talep\/\u015eikayet Y\u00f6netimi Bilgileri.<\/p>&#13;\r\n<h4 class=\"mt\"><strong>Personal Data Processing Purposes<\/strong><\/h4>&#13;\r\n<p>Internet sitemizi kulland\u0131g\u0131n\u0131zda, \u00e7a\u011fr\u0131 merkezimizi arad\u0131\u011f\u0131n\u0131zda veya \u015firketimizin d\u00fczenledi\u011fi e\u011fitim, seminer ya da organizasyonlara kat\u0131ld\u0131\u011f\u0131n\u0131zda ki\u015fisel verileriniz i\u015flenebilecektir.<\/p>&#13;\r\n<p>Toplanan ki\u015fisel verileriniz, \u015eirketimiz taraf\u0131ndan sunulan \u00fcr\u00fcn ve hizmetlerden sizleri faydaland\u0131rmak i\u00e7in gerekli \u00e7al\u0131\u015fmalar\u0131n yap\u0131lmas\u0131, sundu\u011fumuz \u00fcr\u00fcn ve hizmetlerin sizlerin be\u011feni, kullan\u0131m al\u0131\u015fkanl\u0131klar\u0131 ve ihtiya\u00e7lar\u0131na g\u00f6re \u00f6zelle\u015ftirilerek sizlere \u00f6nerilmesi, \u015eirketimizin ve \u015eirketimizle i\u015f ili\u015fkisi i\u00e7erisinde olan ki\u015filerin hukuki ve ticari g\u00fcvenli\u011finin temini (\u015eirketimiz taraf\u0131ndan y\u00fcr\u00fct\u00fclen ileti\u015fime y\u00f6nelik idari operasyonlar, \u015eirkete ait lokasyonlar\u0131n fiziksel g\u00fcvenli\u011fini ve denetimini sa\u011flamak, Topluluk \u015eirketleri m\u00fc\u015fterileri de\u011ferlendirme\/\u015fikayet y\u00f6netimi s\u00fcre\u00e7leri, itibar ara\u015ft\u0131rma s\u00fcre\u00e7leri, etkinlik y\u00f6netimi, hukuki uyum s\u00fcreci, denetim, mali i\u015fler v.b.), \u015eirketimizin ticari ve i\u015f stratejilerinin belirlenmesi ve uygulanmas\u0131 ve \u015eirketimizin insan kaynaklar\u0131 politikalar\u0131n\u0131n y\u00fcr\u00fct\u00fclmesinin temini ama\u00e7lar\u0131yla KVK Kanunu\u2019nun 5. ve 6. maddelerinde belirtilen ki\u015fisel veri i\u015fleme \u015fartlar\u0131 ve ama\u00e7lar\u0131 dahilinde i\u015flenecektir.<\/p>&#13;\r\n<p>Veri Sahibi\u2019nin a\u00e7\u0131k r\u0131zas\u0131 kapsam\u0131nda, Mkworx, Veri Sahipleri\u2019nin Platform \u00fczerindeki hareketlerini de\u011ferlendirerek kullan\u0131c\u0131 deneyiminin artt\u0131r\u0131lmas\u0131 ile kullan\u0131c\u0131ya \u00f6zel promosyon \u00f6nerilerinin olu\u015fturulmas\u0131, profilleme yap\u0131lmas\u0131, do\u011frudan pazarlama ve yeniden pazarlama, ve Veri Sahibi\u2019ne iletilmesi ve bu kapsamda elde edilen verilerin her t\u00fcrl\u00fc reklam ve materyal i\u00e7eri\u011finde kullan\u0131lmas\u0131 amac\u0131yla veri i\u015fleyebilecek ve a\u015fa\u011f\u0131da belirtilen taraflarla bu verileri payla\u015fabilecektir.<\/p>&#13;\r\n<h4 class=\"mt\"><strong>Transfer of Personal Data:<\/strong><\/h4>&#13;\r\n<p>Mkworx, Veri Sahibi\u2019ne ait ki\u015fisel verileri ve bu ki\u015fisel verileri kullan\u0131larak elde etti\u011fi yeni verileri, Gizlilik Politikas\u0131 ile belirlenen ama\u00e7lar\u0131n ger\u00e7ekle\u015ftirilebilmesi i\u00e7in Mkworx\u2019\u00fcn hizmetlerinden faydaland\u0131\u011f\u0131 \u00fc\u00e7\u00fcnc\u00fc ki\u015filere, s\u00f6z konusu hizmetlerin temini amac\u0131yla s\u0131n\u0131rl\u0131 olmak \u00fczere aktar\u0131labilecektir. Mkworx, Veri Sahibi deneyiminin geli\u015ftirilmesi (iyile\u015ftirme ve ki\u015fiselle\u015ftirme d\u00e2hil), Veri Sahibi\u2019nin g\u00fcvenli\u011fini sa\u011flamak, hileli ya da izinsiz kullan\u0131mlar\u0131 tespit etmek, operasyonel de\u011ferlendirme ara\u015ft\u0131r\u0131lmas\u0131, Platform hizmetlerine ili\u015fkin hatalar\u0131n giderilmesi ve i\u015fbu Gizlilik Politikas\u0131\u2019nda yer alan ama\u00e7lardan herhangi birisini ger\u00e7ekle\u015ftirebilmek i\u00e7in SMS g\u00f6nderimi yapanlar da dahil olmak \u00fczere d\u0131\u015f kaynak hizmet sa\u011flay\u0131c\u0131lar\u0131, bar\u0131nd\u0131rma hizmet sa\u011flay\u0131c\u0131lar\u0131 (hosting servisleri), hukuk b\u00fcrolar\u0131, ara\u015ft\u0131rma \u015firketleri, \u00e7a\u011fr\u0131 merkezleri gibi \u00fc\u00e7\u00fcnc\u00fc ki\u015filer ile payla\u015fabilecektir.<\/p>&#13;\r\n<p>Ki\u015fisel veriler, Kanun\u2019un 8. ve 9. maddelerinde belirtilen ki\u015fisel veri i\u015fleme \u015fartlar\u0131 ve ama\u00e7lar\u0131 \u00e7er\u00e7evesinde Mkworx \u015eirketi, \u015eirket yetkilileri, hissedarlar\u0131, i\u015f ortaklar\u0131m\u0131z, tedarik\u00e7ilerimiz, kanunen yetkili kamu kurum ve kurulu\u015flar\u0131 ile kanunen yetkili \u00f6zel kurumlar ile payla\u015f\u0131labilecek, bu ama\u00e7larla s\u0131n\u0131rl\u0131 olarak Kanun\u2019da i\u015faret edilen usul esaslar ile Ki\u015fisel Verileri Koruma Kurulu kararlar\u0131 \u00e7er\u00e7evesinde yurt d\u0131\u015f\u0131na aktar\u0131labilecektir.<\/p>&#13;\r\n<h4 class=\"mt\"><strong>Personal Data Collection Method and Legal Reason:<\/strong><\/h4>&#13;\r\n<p>Ki\u015fisel veriler, Platform \u00fczerinden ve elektronik ortamda toplanmaktad\u0131r. Yukar\u0131da belirtilen hukuki sebeplerle toplanan ki\u015fisel veriler 6698 say\u0131l\u0131 Kanun\u2019un 5. ve 6. maddelerinde ve bu Gizlilik Politikas\u0131\u2019nda belirtilen ama\u00e7larla i\u015flenebilmekte ve aktar\u0131labilmektedir.<\/p>&#13;\r\n<h4 class=\"mt\"><strong>Rights of Personal Data Owner:<\/strong><\/h4>&#13;\r\n<p>Kanun\u2019un 11. maddesi uyar\u0131nca veri sahipleri;<\/p>&#13;\r\n<ul>&#13;\r\n<li>Ki\u015fisel veri i\u015flenip i\u015flenmedi\u011fini \u00f6\u011frenme ,i\u015flenmi\u015fse buna ili\u015fkin bilgi talep etme,<\/li>&#13;\r\n<li>Ki\u015fisel verilerin i\u015flenme amac\u0131n\u0131 ve bunlar\u0131n amac\u0131na uygun kullan\u0131l\u0131p kullan\u0131lmad\u0131\u011f\u0131n\u0131 \u00f6\u011frenme,<\/li>&#13;\r\n<li>Yurt i\u00e7inde veya yurt d\u0131\u015f\u0131nda ki\u015fisel verilerin aktar\u0131ld\u0131\u011f\u0131 \u00fc\u00e7\u00fcnc\u00fc ki\u015fileri bilme,<\/li>&#13;\r\n<li>Ki\u015fisel verilerin eksik veya yanl\u0131\u015f i\u015flenmi\u015f olmas\u0131 h\u00e2linde bunlar\u0131n d\u00fczeltilmesini isteme,<\/li>&#13;\r\n<li>7 nci maddede \u00f6ng\u00f6r\u00fclen \u015fartlar \u00e7er\u00e7evesinde ki\u015fisel verilerin silinmesini veya yok edilmesini isteme,<\/li>&#13;\r\n<li>(d) ve (e) bentleri uyar\u0131nca yap\u0131lan i\u015flemlerin, ki\u015fisel verilerin aktar\u0131ld\u0131\u011f\u0131 \u00fc\u00e7\u00fcnc\u00fc ki\u015filere bildirilmesini isteme,<\/li>&#13;\r\n<li>\u0130\u015flenen verilerin m\u00fcnhas\u0131ran otomatik sistemler vas\u0131tas\u0131yla analiz edilmesi suretiyle ki\u015finin kendisi aleyhine bir sonucun ortaya \u00e7\u0131kmas\u0131na itiraz etme,<\/li>&#13;\r\n<li>Ki\u015fisel verilerin kanuna ayk\u0131r\u0131 olarak i\u015flenmesi sebebiyle zarara u\u011framas\u0131 h\u00e2linde zarar\u0131n giderilmesini talep etme haklar\u0131na sahiptir.<\/li>&#13;\r\n<\/ul>&#13;\r\n<h4 class=\"mt\"><strong>Cookie Policy:<\/strong><\/h4>&#13;\r\n<p>Mkworx <strong>(mkworx.com)<\/strong>\u00a0olarak, kullan\u0131c\u0131lar\u0131m\u0131z\u0131n hizmetlerimizden g\u00fcvenli ve eksiksiz \u015fekilde faydalanmalar\u0131n\u0131 sa\u011flamak amac\u0131yla sitemizi kullanan ki\u015filerin gizlili\u011fini korumak i\u00e7in \u00e7al\u0131\u015f\u0131yoruz.<\/p>&#13;\r\n<p>\u00c7o\u011fu web sitesinde oldu\u011fu gibi, Mkworx.com <strong>(Site)<\/strong>\u00a0ile mobil uygulaman\u0131n (hepsi birlikte Platform olarak an\u0131lacakt\u0131r) ziyaret\u00e7ilere ki\u015fisel i\u00e7erik ve reklamlar g\u00f6stermek, site i\u00e7inde analitik faaliyetler ger\u00e7ekle\u015ftirmek ve ziyaret\u00e7i kullan\u0131m al\u0131\u015fkanl\u0131klar\u0131n\u0131 takip etmek amac\u0131yla \u00c7erezler kullan\u0131lmaktad\u0131r.<\/p>&#13;\r\n<p>\u0130\u015fbu \u00c7erez Politakas\u0131 Mkworx.com Gizlilik Politikas\u0131\u2019n\u0131n ayr\u0131lmaz bir par\u00e7as\u0131d\u0131r.<\/p>&#13;\r\n<p>Mkworx, bu \u00c7erez Politikas\u0131\u2019n\u0131 <strong>(Politika)<\/strong> Site\u2019de hangi \u00c7erezlerin kullan\u0131ld\u0131\u011f\u0131n\u0131 ve kullan\u0131c\u0131lar\u0131n bu konudaki tercihlerini nas\u0131l y\u00f6netebilece\u011fini a\u00e7\u0131klamak amac\u0131yla haz\u0131rlam\u0131\u015ft\u0131r. Mkworx taraf\u0131ndan ki\u015fisel verilerinizin i\u015flenmesine ili\u015fkin daha detayl\u0131 bilgi i\u00e7in Mkworx.com <strong>Gizlilik Politikas\u0131<\/strong>\u2019n\u0131 incelemenizi tavsiye ederiz.<\/p>&#13;\r\n<h4 class=\"mt\"><strong>What is a cookie (\u201cCookie\u201d)?<\/strong><\/h4>&#13;\r\n<p>\u00c7erez, bir siteyi ziyaret etti\u011finizde sitenin bilgisayar\u0131n\u0131za veya mobil cihaz\u0131n\u0131za kaydetti\u011fi k\u00fc\u00e7\u00fck boyutlu bir metin dosyas\u0131d\u0131r. \u00c7erezler bir web sitesinin \u00e7al\u0131\u015fmas\u0131 veya daha verimli \u00e7al\u0131\u015fmas\u0131 veya web sitesinin sahiplerine bilgi sa\u011flamak i\u00e7in yayg\u0131n olarak kullan\u0131lmaktad\u0131r.<\/p>&#13;\r\n<h4 class=\"mt\"><strong>Reasons for Using Cookies:<\/strong><\/h4>&#13;\r\n<ol>&#13;\r\n<li>Mkworx.com\u2019a ziyaretiniz s\u0131ras\u0131nda gezinti ve kullan\u0131m tercihlerinizi hat\u0131rlamak (\u00f6rn. g\u00f6r\u00fcnt\u00fcleme dili vb.),<\/li>&#13;\r\n<li>Mkworx.com\u2019u \u00e7e\u015fitli \u00f6zelliklerinin ve i\u015flevlerinin d\u00fczg\u00fcn bir \u015fekilde \u00e7al\u0131\u015fmas\u0131n\u0131 sa\u011flamak (\u00f6rn. oturumunuzu a\u00e7\u0131k tutmak, dinamik i\u00e7eri\u011fi yerle\u015ftirmek vb.);<\/li>&#13;\r\n<li>Mkworx.com\u2019u tercihlerinize g\u00f6re \u00f6zelle\u015ftirmek,<\/li>&#13;\r\n<li>Mkworx.com\u2019u ziyaret eden kullan\u0131c\u0131lar\u0131m\u0131z taraf\u0131ndan nas\u0131l kullan\u0131ld\u0131\u011f\u0131 hakk\u0131nda en \u00e7ok t\u0131klanan ba\u011flant\u0131lar, en \u00e7ok ziyaret edilen sayfalar, g\u00f6r\u00fcnt\u00fclenen hata mesaj\u0131 say\u0131s\u0131 gibi, \u015fahsa \u00f6zel olmayan, genel bilgiler toplamak ve bu bilgileri analiz ederek hatal\u0131 sayfalar\u0131 i\u015fler hale getirmek, web sitemizi geli\u015ftirmek, tercih edilmeyen sayfalar\u0131 kald\u0131rmak veya iyile\u015ftirmek.<\/li>&#13;\r\n<\/ol>&#13;\r\n<p class=\"mt\">\u00c7erezler \u00fczerinden toplad\u0131\u011f\u0131m\u0131z veriler, kimli\u011finizin belirlenmesi, \u015fahs\u0131n\u0131za \u00f6zel profilleme ve hedefleme yap\u0131lmas\u0131 veya web sitemiz haricindeki internet faaliyetlerinizin takibi amac\u0131yla\u00a0<strong>kullan\u0131lmamaktad\u0131r<\/strong>. \u00c7erezler bu Politika\u2019da belirtilen ama\u00e7lar d\u0131\u015f\u0131nda kullan\u0131lmamakta olup t\u00fcm ilgili i\u015flemler veri koruma mevzuat\u0131na uygun olarak y\u00fcr\u00fct\u00fclmektedir.<\/p>&#13;\r\n<h4 class=\"mt\"><strong>Management of Cookie Preferences:<\/strong><\/h4>&#13;\r\n<p>Web taray\u0131c\u0131lar\u0131 genellikle \u00e7erezleri otomatik olarak kabul etmektedir. Web sitemizi kullanabilmek i\u00e7in \u00e7erez kullan\u0131m\u0131 zorunlu de\u011fildir, fakat taray\u0131c\u0131n\u0131z\u0131 \u00e7erezleri kabul etmemeye ayarlaman\u0131z halinde kullan\u0131c\u0131 deneyiminizin kalitesi d\u00fc\u015febilir ve sitelerimizin \u00e7e\u015fitli i\u015flevleri bozulabilir.<\/p>&#13;\r\n<p>Taray\u0131c\u0131n\u0131z\u0131; \u00e7erezleri t\u00fcm siteler veya belirli siteler i\u00e7in engelleyecek \u015fekilde, \u00e7erez olu\u015fturuldu\u011funda uyar\u0131 verecek \u015fekilde, \u00fc\u00e7\u00fcnc\u00fc taraf \u00e7erezleri engelleyecek \u015fekilde veya t\u00fcm \u00e7erezleri oturum \u00e7erezi gibi sayacak \u015fekilde yap\u0131land\u0131rabilirsiniz. Ek olarak, taray\u0131c\u0131n\u0131z \u00fczerinden \u00e7erezleri silebilir veya taray\u0131c\u0131n\u0131zda saklanan \u00e7erezlerin listesini ve de\u011ferlerini g\u00f6rebilirsiniz. Taray\u0131c\u0131n\u0131z\u0131n \u00e7erez y\u00f6netimi i\u015flevleri hakk\u0131nda detayl\u0131 bilgi i\u00e7in l\u00fctfen a\u015fa\u011f\u0131daki ilgili linke t\u0131klayarak taray\u0131c\u0131n\u0131z\u0131n web sitesinden bilgi al\u0131n\u0131z.<\/p>&#13;\r\n<p>\u00c7erezler, ziyaret\u00e7ilere ili\u015fkin isim, cinsiyet veya adres gibi ki\u015fisel verileri i\u00e7ermezler. \u00c7erezler konusunda daha detayl\u0131 bilgi i\u00e7in\u00a0<a href=\"https:\/\/www.aboutcookies.org\/\" target=\"_blank\" rel=\"noopener noreferrer\">www.aboutcookies.org<\/a>\u00a0ve\u00a0<a href=\"https:\/\/www.allaboutcookies.org\/\" target=\"_blank\" rel=\"noopener noreferrer\">www.allaboutcookies.org<\/a>\u00a0adreslerini ziyaret edebilirisiniz.<\/p>&#13;\r\n<h4 class=\"mt\"><strong>Our Visitors&#8217; Rights:<\/strong><\/h4>&#13;\r\n<p>6698 Say\u0131l\u0131 Ki\u015fisel Verilerin Korunmas\u0131 Kanunu\u2019nun 11. maddesi uyar\u0131nca ziyaret\u00e7iler, Mkworx&#8217;e ba\u015fvurarak,<\/p>&#13;\r\n<ol>&#13;\r\n<li>Ki\u015fisel verilerinin i\u015flenip i\u015flenmedi\u011fini \u00f6\u011frenme ve i\u015flenmeze bilgi talep etme,<\/li>&#13;\r\n<li>Ki\u015fisel verilerin i\u015flenme amac\u0131n\u0131 ve bunlar\u0131n amac\u0131na uygun kullan\u0131l\u0131p kullan\u0131lmad\u0131\u011f\u0131n\u0131 \u00f6\u011frenme,<\/li>&#13;\r\n<li>Yurt i\u00e7inde veya yurt d\u0131\u015f\u0131nda ki\u015fisel verilerin aktar\u0131ld\u0131\u011f\u0131 \u00fc\u00e7\u00fcnc\u00fc ki\u015fileri bilme,<\/li>&#13;\r\n<li>Ki\u015fisel verilerin eksik veya yanl\u0131\u015f i\u015flenmi\u015f olmas\u0131 durumunda verilerin d\u00fczeltilmesini ve bu kapsamda yap\u0131lan i\u015flemin ki\u015fisel verilerin aktar\u0131ld\u0131\u011f\u0131 \u00fc\u00e7\u00fcnc\u00fc ki\u015filere bildirilmesini talep etme,<\/li>&#13;\r\n<li>Kanun ve ilgili di\u011fer kanun h\u00fck\u00fcmlerine uygun olarak i\u015flenmi\u015f olmas\u0131na ra\u011fmen, i\u015flenmesini gerektiren sebeplerin ortadan kalkmas\u0131 h\u00e2linde ki\u015fisel verilerin silinmesini veya yok edilmesini isteme ve bu kapsamda yap\u0131lan i\u015flemin ki\u015fisel verilerin aktar\u0131ld\u0131\u011f\u0131 \u00fc\u00e7\u00fcnc\u00fc ki\u015filere bildirilmesini isteme,<\/li>&#13;\r\n<li>\u0130\u015flenen verilerin \u00f6zellikle otomatik sistemler arac\u0131l\u0131\u011f\u0131yla analiz edilmesi suretiyle ki\u015finin kendisi aleyhine bir sonucun ortaya \u00e7\u0131kmas\u0131na itiraz etme,<\/li>&#13;\r\n<li>Ki\u015fisel verilerin kanuna ayk\u0131r\u0131 olarak i\u015flenmesi sebebiyle zarara u\u011framas\u0131 h\u00e2linde zarar\u0131n giderilmesini talep etme haklar\u0131na sahiptir.<\/li>&#13;\r\n<\/ol>&#13;\r\n<p class=\"mt\">S\u00f6z konusu haklar, ki\u015fisel veri sahipleri taraf\u0131ndan 6698 say\u0131l\u0131 Kanun Kapsam\u0131nda Mkworx taraf\u0131ndan haz\u0131rlanan <a href=\"https:\/\/www.aloparca.com\/static\/kvk\/kvk.pdf\" target=\"_blank\" rel=\"noopener noreferrer\">Ki\u015fisel Verilerin \u0130\u015flenmesi ve Korunmas\u0131na ili\u015fkin Politika<\/a>\u2019da belirtilen y\u00f6ntemlerle iletildi\u011finde 30 (otuz) g\u00fcn i\u00e7erisinde de\u011ferlendirilerek sonu\u00e7land\u0131r\u0131lacakt\u0131r. Taleplere ili\u015fkin olarak herhangi bir \u00fccret talep edilmemesi esas olmakla birlikte, Mkworx, Ki\u015fisel Verileri Koruma Kurulu taraf\u0131ndan belirlenen \u00fccret tarifesi \u00fczerinden \u00fccret talep etme hakk\u0131n\u0131 sakl\u0131 tutar.<\/p>&#13;\r\n<p>Mkworx, Politika h\u00fck\u00fcmlerini diledi\u011fi zaman de\u011fi\u015ftirebilir. G\u00fcncel Politika Platform\u2019da yay\u0131nland\u0131\u011f\u0131 tarihte y\u00fcr\u00fcrl\u00fck kazan\u0131r.<\/p>&#13;\r\n<p>[\/vc_column_text][\/vc_column][\/vc_row]<\/p>","protected":false},"excerpt":{"rendered":"<p>[vc_row][vc_column][vc_column_text woodmart_inline=&#8221;no&#8221; text_larger=&#8221;no&#8221;] &#13; Privacy Policy: &#13; Mkworx (mkworx.com) olarak, sitemizi kullanan \u00fcye ve ziyaret\u00e7ilerimizin gizlili\u011fini korumak i\u00e7in \u00e7al\u0131\u015f\u0131yoruz. Bu<\/p>\n","protected":false},"author":1,"featured_media":0,"parent":0,"menu_order":0,"comment_status":"closed","ping_status":"closed","template":"","meta":{"footnotes":""},"class_list":["post-8344","page","type-page","status-publish","hentry"],"_links":{"self":[{"href":"https:\/\/mkworx.com\/en\/wp-json\/wp\/v2\/pages\/8344","targetHints":{"allow":["GET"]}}],"collection":[{"href":"https:\/\/mkworx.com\/en\/wp-json\/wp\/v2\/pages"}],"about":[{"href":"https:\/\/mkworx.com\/en\/wp-json\/wp\/v2\/types\/page"}],"author":[{"embeddable":true,"href":"https:\/\/mkworx.com\/en\/wp-json\/wp\/v2\/users\/1"}],"replies":[{"embeddable":true,"href":"https:\/\/mkworx.com\/en\/wp-json\/wp\/v2\/comments?post=8344"}],"version-history":[{"count":2,"href":"https:\/\/mkworx.com\/en\/wp-json\/wp\/v2\/pages\/8344\/revisions"}],"predecessor-version":[{"id":8352,"href":"https:\/\/mkworx.com\/en\/wp-json\/wp\/v2\/pages\/8344\/revisions\/8352"}],"wp:attachment":[{"href":"https:\/\/mkworx.com\/en\/wp-json\/wp\/v2\/media?parent=8344"}],"curies":[{"name":"wp","href":"https:\/\/api.w.org\/{rel}","templated":true}]}}